{"id":8352,"date":"2015-06-03T19:09:04","date_gmt":"2015-06-03T17:09:04","guid":{"rendered":"https:\/\/www.globalservicesimmobiliari.it\/en\/vendo-casa\/"},"modified":"2017-04-28T12:39:05","modified_gmt":"2017-04-28T10:39:05","slug":"selling-a-property","status":"publish","type":"page","link":"https:\/\/www.globalservicesimmobiliari.it\/en\/selling-a-property\/","title":{"rendered":"Selling A Property"},"content":{"rendered":"<p>[vc_row][vc_column width=&#8221;1\/2&#8243;][vc_column_text]<img decoding=\"async\" loading=\"lazy\" class=\"alignleft wp-image-954 size-medium\" src=\"https:\/\/www.globalservicesimmobiliari.it\/wp-content\/uploads\/2015\/06\/vendocasa1-300x225.jpg\" alt=\"vendocasa\" width=\"300\" height=\"225\" srcset=\"https:\/\/www.globalservicesimmobiliari.it\/wp-content\/uploads\/2015\/06\/vendocasa1-300x225.jpg 300w, https:\/\/www.globalservicesimmobiliari.it\/wp-content\/uploads\/2015\/06\/vendocasa1-768x576.jpg 768w, https:\/\/www.globalservicesimmobiliari.it\/wp-content\/uploads\/2015\/06\/vendocasa1-150x113.jpg 150w, https:\/\/www.globalservicesimmobiliari.it\/wp-content\/uploads\/2015\/06\/vendocasa1-680x510.jpg 680w, https:\/\/www.globalservicesimmobiliari.it\/wp-content\/uploads\/2015\/06\/vendocasa1.jpg 1024w\" sizes=\"(max-width: 300px) 100vw, 300px\" \/>[\/vc_column_text][\/vc_column][vc_column width=&#8221;1\/2&#8243;][vc_custom_heading text=&#8221;<br \/>\n&#8220;Ci prendiamo cura della vendita del tuo immobile, affinch\u00e8 tu non debba occuparti di nulla&#8220;.&#8221; google_fonts=&#8221;font_family:Oleo%20Script%3Aregular%2C700|font_style:400%20regular%3A400%3Anormal&#8221;][\/vc_column][\/vc_row][vc_row][vc_column][vc_column_text]Raccontaci le tue aspettative: con competenza e trasparenza, il nostro Staff studier\u00e0 per te la migliore strategia di promozione. \u00c8 cos\u00ec che raggiungiamo il pubblico di potenziali acquirenti pi\u00f9 idoneo al tuo immobile e centriamo in breve tempo il tuo obbiettivo![\/vc_column_text][vc_separator][vc_custom_heading text=&#8221;&#8220;Strategie di vendita su misura.&#8220;&#8221; google_fonts=&#8221;font_family:Oleo%20Script%3Aregular%2C700|font_style:400%20regular%3A400%3Anormal&#8221;][vc_column_text]Una squadra di professionisti a tua disposizione: dalla valutazione commerciale dell\u2019immobile alla sua promozione, attraverso la migliore presentazione fotografica e la pianificazione di azioni di marketing mirate e personalizzate, in grado di raggiungere un target selezionato ad hoc per le tue esigenze![\/vc_column_text][\/vc_column][\/vc_row][vc_row][vc_column][vc_column_text]<strong>FILL OUT THE FORM: OUR STAFF WILL CONTACT WITHIN 24 HOURS<\/strong>[\/vc_column_text][vc_column_text]<div role=\"form\" class=\"wpcf7\" id=\"wpcf7-f947-o1\" lang=\"it-IT\" dir=\"ltr\">\n<div class=\"screen-reader-response\"><p role=\"status\" aria-live=\"polite\" aria-atomic=\"true\"><\/p> <ul><\/ul><\/div>\n<form action=\"\/en\/wp-json\/wp\/v2\/pages\/8352\" method=\"post\" class=\"wpcf7-form init\" novalidate=\"novalidate\" data-status=\"init\">\n<div style=\"display: none;\">\n<input type=\"hidden\" name=\"_wpcf7\" value=\"947\" \/>\n<input type=\"hidden\" name=\"_wpcf7_version\" value=\"5.6.4\" \/>\n<input type=\"hidden\" name=\"_wpcf7_locale\" value=\"it_IT\" \/>\n<input type=\"hidden\" name=\"_wpcf7_unit_tag\" value=\"wpcf7-f947-o1\" \/>\n<input type=\"hidden\" name=\"_wpcf7_container_post\" value=\"0\" \/>\n<input type=\"hidden\" name=\"_wpcf7_posted_data_hash\" value=\"\" \/>\n<\/div>\n<p>Nome (richiesto)<br \/>\n    <span class=\"wpcf7-form-control-wrap\" data-name=\"your-name\"><input type=\"text\" name=\"your-name\" value=\"\" size=\"40\" class=\"wpcf7-form-control wpcf7-text wpcf7-validates-as-required\" aria-required=\"true\" aria-invalid=\"false\" \/><\/span> <\/p>\n<p>E-mail (richiesto)<br \/>\n    <span class=\"wpcf7-form-control-wrap\" data-name=\"your-email\"><input type=\"email\" name=\"your-email\" value=\"\" size=\"40\" class=\"wpcf7-form-control wpcf7-text wpcf7-email wpcf7-validates-as-required wpcf7-validates-as-email\" aria-required=\"true\" aria-invalid=\"false\" \/><\/span> <\/p>\n<p>Message<br \/>\n    <span class=\"wpcf7-form-control-wrap\" data-name=\"your-message\"><textarea name=\"your-message\" cols=\"40\" rows=\"10\" class=\"wpcf7-form-control wpcf7-textarea\" aria-invalid=\"false\"><\/textarea><\/span> <\/p>\n<p><span class=\"wpcf7-form-control-wrap\" data-name=\"accept-this-3\"><span class=\"wpcf7-form-control wpcf7-acceptance\"><span class=\"wpcf7-list-item\"><input type=\"checkbox\" name=\"accept-this-3\" value=\"1\" aria-invalid=\"false\" \/><\/span><\/span><\/span> Ai sensi e per gli effetti degli articoli artt. 7,13 e 15 del Regolamento UE 2016\/679 dichiaro di aver preso visione dell\u2019 <a href=\"https:\/\/www.globalservicesimmobiliari.it\/privacy-e-cookie\/\">informativa<\/a> ed acconsento al trattamento dei dati personali.<\/p>\n<p><input type=\"submit\" value=\"Send\" class=\"wpcf7-form-control has-spinner wpcf7-submit\" \/><\/p>\n<input type='hidden' class='wpcf7-pum' value='{\"closepopup\":false,\"closedelay\":0,\"openpopup\":false,\"openpopup_id\":0}' \/><div class=\"inv-recaptcha-holder\"><\/div><div class=\"wpcf7-response-output\" aria-hidden=\"true\"><\/div><\/form><\/div>[\/vc_column_text][\/vc_column][\/vc_row]<\/p>\n","protected":false},"excerpt":{"rendered":"<p>[vc_row][vc_column width=&#8221;1\/2&#8243;][vc_column_text][\/vc_column_text][\/vc_column][vc_column width=&#8221;1\/2&#8243;][vc_custom_heading text=&#8221; &#8220;Ci prendiamo cura della vendita del tuo immobile, affinch\u00e8 tu non debba occuparti di nulla&#8220;.&#8221; google_fonts=&#8221;font_family:Oleo%20Script%3Aregular%2C700|font_style:400%20regular%3A400%3Anormal&#8221;][\/vc_column][\/vc_row][vc_row][vc_column][vc_column_text]Raccontaci le tue aspettative: con competenza e trasparenza, il nostro Staff studier\u00e0 per te la migliore strategia di promozione. \u00c8 cos\u00ec che raggiungiamo il pubblico di potenziali acquirenti pi\u00f9 idoneo al tuo immobile e centriamo in&#8230;<\/p>\n","protected":false},"author":1,"featured_media":0,"parent":0,"menu_order":0,"comment_status":"closed","ping_status":"closed","template":"","meta":[],"yoast_head":"<!-- This site is optimized with the Yoast SEO Premium plugin v19.5 (Yoast SEO v19.10) - https:\/\/yoast.com\/wordpress\/plugins\/seo\/ -->\n<title>Selling A Property Sardinia - Global Services Immobiliari<\/title>\n<meta name=\"description\" content=\"Selling A Property Sardinia, houses, Apartments, vills, hotels, farm house appartamenti, ville, case vacanza, strutture ricettive, Sardegna.\" \/>\n<meta name=\"robots\" content=\"index, follow, max-snippet:-1, max-image-preview:large, max-video-preview:-1\" \/>\n<link rel=\"canonical\" href=\"https:\/\/www.globalservicesimmobiliari.it\/en\/selling-a-property\/\" \/>\n<meta property=\"og:locale\" content=\"en_US\" \/>\n<meta property=\"og:type\" content=\"article\" \/>\n<meta property=\"og:title\" content=\"Selling A Property\" \/>\n<meta property=\"og:description\" content=\"Selling A Property Sardinia, houses, Apartments, vills, hotels, farm house appartamenti, ville, case vacanza, strutture ricettive, Sardegna.\" \/>\n<meta property=\"og:url\" content=\"https:\/\/www.globalservicesimmobiliari.it\/en\/selling-a-property\/\" \/>\n<meta property=\"og:site_name\" content=\"Global Services\" \/>\n<meta property=\"article:publisher\" content=\"https:\/\/www.facebook.com\/globalservicesimmobiliari\" \/>\n<meta property=\"article:modified_time\" content=\"2017-04-28T10:39:05+00:00\" \/>\n<meta property=\"og:image\" content=\"https:\/\/www.globalservicesimmobiliari.it\/wp-content\/uploads\/2015\/06\/vendocasa1-300x225.jpg\" \/>\n<meta name=\"twitter:card\" content=\"summary_large_image\" \/>\n<meta name=\"twitter:label1\" content=\"Est. reading time\" \/>\n\t<meta name=\"twitter:data1\" content=\"1 minute\" \/>\n<script type=\"application\/ld+json\" class=\"yoast-schema-graph\">{\"@context\":\"https:\/\/schema.org\",\"@graph\":[{\"@type\":\"WebPage\",\"@id\":\"https:\/\/www.globalservicesimmobiliari.it\/en\/selling-a-property\/\",\"url\":\"https:\/\/www.globalservicesimmobiliari.it\/en\/selling-a-property\/\",\"name\":\"Selling A Property Sardinia - Global Services Immobiliari\",\"isPartOf\":{\"@id\":\"https:\/\/www.globalservicesimmobiliari.it\/#website\"},\"datePublished\":\"2015-06-03T17:09:04+00:00\",\"dateModified\":\"2017-04-28T10:39:05+00:00\",\"description\":\"Selling A Property Sardinia, houses, Apartments, vills, hotels, farm house appartamenti, ville, case vacanza, strutture ricettive, Sardegna.\",\"breadcrumb\":{\"@id\":\"https:\/\/www.globalservicesimmobiliari.it\/en\/selling-a-property\/#breadcrumb\"},\"inLanguage\":\"en-US\",\"potentialAction\":[{\"@type\":\"ReadAction\",\"target\":[\"https:\/\/www.globalservicesimmobiliari.it\/en\/selling-a-property\/\"]}]},{\"@type\":\"BreadcrumbList\",\"@id\":\"https:\/\/www.globalservicesimmobiliari.it\/en\/selling-a-property\/#breadcrumb\",\"itemListElement\":[{\"@type\":\"ListItem\",\"position\":1,\"name\":\"Home\",\"item\":\"https:\/\/www.globalservicesimmobiliari.it\/en\/\"},{\"@type\":\"ListItem\",\"position\":2,\"name\":\"Selling A Property\"}]},{\"@type\":\"WebSite\",\"@id\":\"https:\/\/www.globalservicesimmobiliari.it\/#website\",\"url\":\"https:\/\/www.globalservicesimmobiliari.it\/\",\"name\":\"Global Services\",\"description\":\"\",\"publisher\":{\"@id\":\"https:\/\/www.globalservicesimmobiliari.it\/#organization\"},\"potentialAction\":[{\"@type\":\"SearchAction\",\"target\":{\"@type\":\"EntryPoint\",\"urlTemplate\":\"https:\/\/www.globalservicesimmobiliari.it\/?s={search_term_string}\"},\"query-input\":\"required name=search_term_string\"}],\"inLanguage\":\"en-US\"},{\"@type\":\"Organization\",\"@id\":\"https:\/\/www.globalservicesimmobiliari.it\/#organization\",\"name\":\"Global Services\",\"url\":\"https:\/\/www.globalservicesimmobiliari.it\/\",\"logo\":{\"@type\":\"ImageObject\",\"inLanguage\":\"en-US\",\"@id\":\"https:\/\/www.globalservicesimmobiliari.it\/#\/schema\/logo\/image\/\",\"url\":\"https:\/\/www.globalservicesimmobiliari.it\/wp-content\/uploads\/2024\/05\/Senza-titolo-12.jpg\",\"contentUrl\":\"https:\/\/www.globalservicesimmobiliari.it\/wp-content\/uploads\/2024\/05\/Senza-titolo-12.jpg\",\"width\":200,\"height\":200,\"caption\":\"Global Services\"},\"image\":{\"@id\":\"https:\/\/www.globalservicesimmobiliari.it\/#\/schema\/logo\/image\/\"},\"sameAs\":[\"https:\/\/www.facebook.com\/globalservicesimmobiliari\"]}]}<\/script>\n<!-- \/ Yoast SEO Premium plugin. -->","yoast_head_json":{"title":"Selling A Property Sardinia - Global Services Immobiliari","description":"Selling A Property Sardinia, houses, Apartments, vills, hotels, farm house appartamenti, ville, case vacanza, strutture ricettive, Sardegna.","robots":{"index":"index","follow":"follow","max-snippet":"max-snippet:-1","max-image-preview":"max-image-preview:large","max-video-preview":"max-video-preview:-1"},"canonical":"https:\/\/www.globalservicesimmobiliari.it\/en\/selling-a-property\/","og_locale":"en_US","og_type":"article","og_title":"Selling A Property","og_description":"Selling A Property Sardinia, houses, Apartments, vills, hotels, farm house appartamenti, ville, case vacanza, strutture ricettive, Sardegna.","og_url":"https:\/\/www.globalservicesimmobiliari.it\/en\/selling-a-property\/","og_site_name":"Global Services","article_publisher":"https:\/\/www.facebook.com\/globalservicesimmobiliari","article_modified_time":"2017-04-28T10:39:05+00:00","og_image":[{"url":"https:\/\/www.globalservicesimmobiliari.it\/wp-content\/uploads\/2015\/06\/vendocasa1-300x225.jpg"}],"twitter_card":"summary_large_image","twitter_misc":{"Est. reading time":"1 minute"},"schema":{"@context":"https:\/\/schema.org","@graph":[{"@type":"WebPage","@id":"https:\/\/www.globalservicesimmobiliari.it\/en\/selling-a-property\/","url":"https:\/\/www.globalservicesimmobiliari.it\/en\/selling-a-property\/","name":"Selling A Property Sardinia - Global Services Immobiliari","isPartOf":{"@id":"https:\/\/www.globalservicesimmobiliari.it\/#website"},"datePublished":"2015-06-03T17:09:04+00:00","dateModified":"2017-04-28T10:39:05+00:00","description":"Selling A Property Sardinia, houses, Apartments, vills, hotels, farm house appartamenti, ville, case vacanza, strutture ricettive, Sardegna.","breadcrumb":{"@id":"https:\/\/www.globalservicesimmobiliari.it\/en\/selling-a-property\/#breadcrumb"},"inLanguage":"en-US","potentialAction":[{"@type":"ReadAction","target":["https:\/\/www.globalservicesimmobiliari.it\/en\/selling-a-property\/"]}]},{"@type":"BreadcrumbList","@id":"https:\/\/www.globalservicesimmobiliari.it\/en\/selling-a-property\/#breadcrumb","itemListElement":[{"@type":"ListItem","position":1,"name":"Home","item":"https:\/\/www.globalservicesimmobiliari.it\/en\/"},{"@type":"ListItem","position":2,"name":"Selling A Property"}]},{"@type":"WebSite","@id":"https:\/\/www.globalservicesimmobiliari.it\/#website","url":"https:\/\/www.globalservicesimmobiliari.it\/","name":"Global Services","description":"","publisher":{"@id":"https:\/\/www.globalservicesimmobiliari.it\/#organization"},"potentialAction":[{"@type":"SearchAction","target":{"@type":"EntryPoint","urlTemplate":"https:\/\/www.globalservicesimmobiliari.it\/?s={search_term_string}"},"query-input":"required name=search_term_string"}],"inLanguage":"en-US"},{"@type":"Organization","@id":"https:\/\/www.globalservicesimmobiliari.it\/#organization","name":"Global Services","url":"https:\/\/www.globalservicesimmobiliari.it\/","logo":{"@type":"ImageObject","inLanguage":"en-US","@id":"https:\/\/www.globalservicesimmobiliari.it\/#\/schema\/logo\/image\/","url":"https:\/\/www.globalservicesimmobiliari.it\/wp-content\/uploads\/2024\/05\/Senza-titolo-12.jpg","contentUrl":"https:\/\/www.globalservicesimmobiliari.it\/wp-content\/uploads\/2024\/05\/Senza-titolo-12.jpg","width":200,"height":200,"caption":"Global Services"},"image":{"@id":"https:\/\/www.globalservicesimmobiliari.it\/#\/schema\/logo\/image\/"},"sameAs":["https:\/\/www.facebook.com\/globalservicesimmobiliari"]}]}},"_links":{"self":[{"href":"https:\/\/www.globalservicesimmobiliari.it\/en\/wp-json\/wp\/v2\/pages\/8352"}],"collection":[{"href":"https:\/\/www.globalservicesimmobiliari.it\/en\/wp-json\/wp\/v2\/pages"}],"about":[{"href":"https:\/\/www.globalservicesimmobiliari.it\/en\/wp-json\/wp\/v2\/types\/page"}],"author":[{"embeddable":true,"href":"https:\/\/www.globalservicesimmobiliari.it\/en\/wp-json\/wp\/v2\/users\/1"}],"replies":[{"embeddable":true,"href":"https:\/\/www.globalservicesimmobiliari.it\/en\/wp-json\/wp\/v2\/comments?post=8352"}],"version-history":[{"count":2,"href":"https:\/\/www.globalservicesimmobiliari.it\/en\/wp-json\/wp\/v2\/pages\/8352\/revisions"}],"predecessor-version":[{"id":8358,"href":"https:\/\/www.globalservicesimmobiliari.it\/en\/wp-json\/wp\/v2\/pages\/8352\/revisions\/8358"}],"wp:attachment":[{"href":"https:\/\/www.globalservicesimmobiliari.it\/en\/wp-json\/wp\/v2\/media?parent=8352"}],"curies":[{"name":"wp","href":"https:\/\/api.w.org\/{rel}","templated":true}]}}